{"id":1373,"date":"2018-10-17T15:23:42","date_gmt":"2018-10-17T13:23:42","guid":{"rendered":"https:\/\/www.conradi-kaiser.com\/?page_id=1373"},"modified":"2023-05-16T14:46:19","modified_gmt":"2023-05-16T12:46:19","slug":"privacy-policy","status":"publish","type":"page","link":"https:\/\/www.conradi-kaiser.com\/en\/privacy-policy\/","title":{"rendered":"Privacy Policy"},"content":{"rendered":"<div  style='padding-bottom:10px; ' class='av-special-heading av-special-heading-h1  blockquote modern-quote  avia-builder-el-0  el_before_av_textblock  avia-builder-el-first  '><h1 class='av-special-heading-tag '  itemprop=\"headline\"  >Privacy Policy<\/h1><div class='special-heading-border'><div class='special-heading-inner-border' ><\/div><\/div><\/div>\n<section class=\"av_textblock_section \"  itemscope=\"itemscope\" itemtype=\"https:\/\/schema.org\/CreativeWork\" ><div class='avia_textblock  '   itemprop=\"text\" ><h2>1. Data protection at a glance<\/h2>\n<p><strong>General information and data collection on our website<\/strong><br \/>\nIn the following, we will give you a short overview of what happens with your personal data when visiting our website. Personal data are to be understood as all the data which can be used to identify you personally. <\/p>\n<p>Information on the processing of customer\/interested person data according to Art. 13 + 14 EU GDPR can be found here as a PDF file: <a href=\"\/wp-content\/uploads\/EN Informationspflichten nach Art. 13+14 DSGVO Kunden_Conradi+Kaiser.pdf\">Processing of personal customer data according to Art. 13 + 14 EU GDPR.pdf<\/a><\/p>\n<p>The obligations to provide information for applicants according to Art. 13 + 14 EU-GDPR can be found here as a PDF file: <a href=\"\/wp-content\/uploads\/information requirements acc to Art. 13+14 DSGVO applicants_Conradi+Kaiser.pdf\">Processing of personal customer data according to Art. 13 + 14 EU GDPR.pdf<\/a><\/p>\n<p>For more detailed information on our handling of data protection, kindly refer to our data protection declaration to be found below this text.<\/p>\n<p><strong>Who is responsible for data collection on this website?<\/strong><br \/>\nData processing on this website is carried out by the site operator (responsible) whose contact details can be found below.<\/p>\n<p><strong>How do we collect your data?<\/strong><br \/>\nOn the one hand, your data are collected when you share them with us. These can be, for example, data that you enter into a contact form. Apart from these, data are captured automatically by our IT-systems when you visit our website. They are, above all, technical details (e.g. internet browser, operating system or time of page view). Collection of these data is carried out automatically as soon as you access our website. <\/p>\n<p><strong>What do we use these data for?<\/strong><br \/>\nSome of these data are collected and used to guarantee trouble-free availability of our website. Some data may be used to analyse your user behaviour. In addition, your data can be used \u2013 depending on your request \u2013 to process your enquiry (i.e. to answer questions, to set up offers etc.). <\/p>\n<p><strong>What are your legal rights with regard to your data?<\/strong><br \/>\nYou have the right to receive information, free of charge and at any time, on the origin, the recipient and purpose of your stored personal data. Additionally, you have the right to have these data corrected, blocked or deleted. You can contact us at any time at the address given in the imprint if you have any further questions with regard to the above-mentioned details or data protection in general. In addition, you have the right to appeal to the relevant supervisory authority. The supervisory authority competent for us is:<\/p>\n<p style=\"text-align:center;\">\nAufsichtsbeh\u00f6rde f\u00fcr den Datenschutz im nicht-\u00f6ffentlichen Bereich in Rheinland-Pfalz<br \/>\nDer Landesbeauftragte f\u00fcr den Datenschutz Rheinland-Pfalz<br \/>\nHintere Bleiche 34,<br \/>\n55116 Mainz<br \/>\nPhone +49(0)6131-208-2449<br \/>\nFax +49(0)6131-208-2497\n<\/p>\n<h2>2. General and mandatory information<\/h2>\n<p><strong> Data protection<\/strong><br \/>\nThe operators of this site take the protection of your personal data very seriously. We treat your personal data confidentially and in accordance with the statutory data protection regulations and this data protection declaration.<\/p>\n<p>When you use this website various personal data are collected. Personal data are data which are used to identify you personally or which can make you identifiable. This data protection declaration will explain which data we collect and what we use them for. It will also explain how and for what purpose it is done.<\/p>\n<p>Please keep in mind that data transmission over the Internet (e.g. when communicating via e-mail) can be subject to security vulnerabilities. Complete protection of data against access by third parties is not possible.<\/p>\n<p><strong> Information about data controller:<\/strong><br \/>\nThe data controller in charge of data processing on this website is: <\/p>\n<div style=\"text-align:center;\">\nConradi+Kaiser GmbH<br \/>\nGesch\u00e4ftsf\u00fchrerin Sabrina Kaiser<br \/>\nGewerbegebiet Larsheck<br \/>\nD-56271 Kleinmaischeid<br \/>\nGermany<br \/>\nPhone: +49 (0) 2689 9580-0<br \/>\nE-Mail: info(at)conradi-kaiser.de<\/p>\n<p><strong>Data protection supervisor:<\/strong><br \/>\nAlexander Schulz, ext. DSB<br \/>\nKarst IT GmbH<br \/>\nAm Stadtgraben 3<br \/>\nD-56626 Andernach<br \/>\nPhone: -49 (0)2632 \/ 9459-0<br \/>\nE-mail: datenschutz@conradi-kaiser.de\n<\/div>\n<p>Data controller is to be understood as any natural or legal person who solely or jointly with others decides on the purpose and methods of processing individual-related data. <\/p>\n<p><strong>Withdrawal of your consent to data processing<\/strong><br \/>\nA lot of data processing activities are only possible on the basis of your explicit consent. You may withdraw your given consent at any time. For that purpose, an informal note by e-mail will be sufficient. Lawfulness of any data processing activities carried out before withdrawing your consent will remain untouched by the withdrawal.<\/p>\n<p><strong>Right of appeal to the relevant supervisory authority<\/strong><br \/>\nIn the case of data protection violations, the party concerned has the right of appeal to the relevant supervisory body.  The relevant supervisory authority for questions concerning data protection matters is the Landesdatenschutzbeauftragte (state data protection commissioner) of the federal state where the company\u2019s registered office is based. For the supervisory authority relevant for us, kindly refer to Part 1 of this data protection declaration.<\/p>\n<p><strong>Right of data portability<\/strong><br \/>\nYou have the right to have data, which we process in an automated way on the basis of your consent or during the fulfilment of a contract, handed to you or a third party in a common, machine-readable format. If you require direct transfer of these data to another responsible person, this will be done only as far as it is technically possible.<\/p>\n<p><strong>SSL or TLS encryption<\/strong><br \/>\nFor safety reasons and to protect the transmission of confidential contents such as orders or enquiries sent to us as the site operators, this site uses SSL or TLS encryptions. You can recognize an encrypted connection by the address line of the browser which changes from \u201chttp:\/\/\u201d to https:\/\/ and, furthermore, by the padlock symbol in the browser line.<\/p>\n<p>When the SSL or TLS encryption has been activated, data that you transmit to us cannot be read by third parties.<\/p>\n<p><strong>Information, blocking, deletion<\/strong><br \/>\nWithin the framework of legal regulations in force, you have the right to obtain, at any time, information free-of-charge on your individual-related data stored by us, on their origin and recipients as well as the purpose of data processing, and, if applicable, a right of correction, blocking or deletion of these data. For this purpose or if you have any other questions on the topic of individual-related data, you can contact us at any time at the address given in the imprint.<\/p>\n<p><strong>Opposition against advertising e-mails<\/strong><br \/>\nWe herewith explicitly reject the use of contact details which are part of our duty to publish an imprint for sending not explicitly ordered advertising or information material. The operators of this site explicitly reserve the right to take legal steps for cases of transmission of non-solicited advertising material, e.g. by spam e-mails etc. <\/p>\n<h2>3. Data collection on our website<\/h2>\n<p><strong>Cookies<\/strong><br \/>\nInternet sites commonly use so-called cookies. Cookies do not harm your computer and do not contain viruses. They are used to make our internet presence more user-friendly, efficient and secure. Cookies are small text files which are placed on your computer and stored by your browser. <\/p>\n<p>All the cookies we use are so-called \u201esession cookies\u201c. They are deleted automatically after your visit to the site.<\/p>\n<p>You can set your browser in such a way that you are informed about the placing of cookies or that you can permit cookies only on a case-by-case basis, deactivate the acceptance of cookies for special cases or altogether and you can activate automatic deletion of cookies when closing the browser. Please be advised that deactivating cookies may limit the functionality of this website.<\/p>\n<p>Cookies required for the handling of electronic communication processes or for providing certain functions requested by you (e.g. cart function) will be stored in accordance with Art. 6 Abs. 1 lit. fDSGVO (German General Data Protection Regulation). The website operator has a justified interest in the storage of cookies for the technically flawless and optimized provision of their services. If other cookies (e.g. cookies used for analysing your surfing behaviour) are stored these will be dealt with separately in this data protection declaration.<\/p>\n<p><strong>External hosting<\/strong><br \/>\nThis website is hosted by an external service provider (hoster). The personal data collected on this website is stored on the hoster&#8217;s servers. This may include, but is not limited to, IP addresses, contact requests, meta and communication data, contractual data, contact details, names, website accesses and other data generated via a website.<br \/>\nThe hoster is used for the purpose of fulfilling contracts with our potential and existing clients (Art. 6 para. 1 lit. b GDPR) and in the interest of a secure, fast and efficient provision of our online offer by a professional provider (Art. 6 para. 1 lit. f GDPR).<br \/>\nOur hoster will only process your data to the extent that this is necessary for the fulfilment of its service obligations and will follow our instructions with regard to this data.<br \/>\nWe use the following hoster: <\/p>\n<p>ALL-INKL.COM \u2013 Neue Medien M\u00fcnnich<br \/>\nHauptstr. 68<br \/>\n02742 Friedersdorf<\/p>\n<p>Telefon: +49 (0) 35872 353-10<br \/>\nTelefax: +49 (0) 35872 353-30<\/p>\n<p>Umsatzsteuer-ID: DE 212657916<br \/>\nUst.IDNr: DE212657916<br \/>\nGesch\u00e4ftsf\u00fchrer: Ren\u00e9 M\u00fcnnich<br \/>\n<strong><br \/>\nConclusion of a contract on commissioned processing<\/strong><br \/>\nIn order to ensure data protection-compliant processing, we have concluded an order processing contract with our hoster.<\/p>\n<p><strong>Server log files<\/strong><br \/>\nThe provider of the sites automatically collects and stores information in so-called server log files which your browser automatically sends to us. These are: <\/p>\n<ul>\n<li>Browser type and browser version<\/li>\n<li>Operating system used<\/li>\n<li>Referrer URL<\/li>\n<li>Host name of accessing computer<\/li>\n<li>Time of server request<\/li>\n<li>IP-address<\/li>\n<\/ul>\n<p>A merger of these data with other data sources is not carried out.<\/p>\n<p>The basis for processing data is Art. 6 Abs. 1 lit. f DSGVO.<\/p>\n<p><strong>Social Media<\/strong><br \/>\nOn our site you will find various social media buttons, such as Facebook, GooglePlus, Twitter and others. These buttons are only links to the corresponding social media appearances. No data are transferred to these social media providers during your visit to our website. Only when you click on one of the buttons the page of the corresponding social media service will be opened in a separate window and you will be forwarded to it.<\/p>\n<p><strong>Contact form<\/strong><br \/>\nWhen sending enquiries via our contact form your details from the enquiry form including the contact details entered by you will be stored by us for the purpose of processing your enquiry and for the case of follow-up questions. These data will not be passed on to third parties without your explicit consent.<\/p>\n<p>Processing of the data entered into the contact form will be done exclusively on the basis of your explicit consent (Art. 6 Abs. 1 lit. fDSGVO). You can withdraw your consent at any time. For that purpose, an informal note by e-mail will be sufficient. Lawfulness of any data processing activities carried out before withdrawing your consent will remain untouched by the withdrawal.<\/p>\n<p>The data entered into the contact form by you will remain with us until you ask us to delete them, withdraw your consent to our storage or when the purpose of storing these details expires (e.g. when the processing of your enquiry has been completed). Mandatory legal provisions \u2013 above all retention periods \u2013 will remain untouched.<\/p>\n<p><strong>Applicant tool<\/strong><br \/>\nOn this homepage you have the possibility to upload your application digitally. In the following, we inform you about the scope, purpose and use of your personal data collected as part of the application process.<br \/>\nWe assure you that the collection, processing and use of your data will be carried out in accordance with applicable data protection law and all other statutory provisions and that your data will be treated in strict confidence. <\/p>\n<p>We receive the data that you provide for this purpose, such as title, title, first and last name, e-mail address, telephone number, postcode, town, street and house number. In addition, we preserve further information such as certificates, testimonials and your covering letter.<br \/>\nThe legal basis is Art. 6 para. 1 lit. b GDPR in conjunction with \u00a7 26 BDSG-new. For further information, please refer to the information requirements according to Art. 13 + 14 GDPR: <a href=\"\/wp-content\/uploads\/information requirements acc to Art. 13+14 DSGVO applicants_Conradi+Kaiser.pdf\">Processing of personal customer data according to Art. 13 + 14 EU GDPR.pdf<\/a><\/p>\n<\/div><\/section>\n","protected":false},"excerpt":{"rendered":"","protected":false},"author":1,"featured_media":0,"parent":0,"menu_order":0,"comment_status":"closed","ping_status":"closed","template":"","meta":[],"_links":{"self":[{"href":"https:\/\/www.conradi-kaiser.com\/en\/wp-json\/wp\/v2\/pages\/1373"}],"collection":[{"href":"https:\/\/www.conradi-kaiser.com\/en\/wp-json\/wp\/v2\/pages"}],"about":[{"href":"https:\/\/www.conradi-kaiser.com\/en\/wp-json\/wp\/v2\/types\/page"}],"author":[{"embeddable":true,"href":"https:\/\/www.conradi-kaiser.com\/en\/wp-json\/wp\/v2\/users\/1"}],"replies":[{"embeddable":true,"href":"https:\/\/www.conradi-kaiser.com\/en\/wp-json\/wp\/v2\/comments?post=1373"}],"version-history":[{"count":10,"href":"https:\/\/www.conradi-kaiser.com\/en\/wp-json\/wp\/v2\/pages\/1373\/revisions"}],"predecessor-version":[{"id":1377,"href":"https:\/\/www.conradi-kaiser.com\/en\/wp-json\/wp\/v2\/pages\/1373\/revisions\/1377"}],"wp:attachment":[{"href":"https:\/\/www.conradi-kaiser.com\/en\/wp-json\/wp\/v2\/media?parent=1373"}],"curies":[{"name":"wp","href":"https:\/\/api.w.org\/{rel}","templated":true}]}}